{"id":630,"date":"2021-02-24T19:13:43","date_gmt":"2021-02-24T18:13:43","guid":{"rendered":"https:\/\/eufobia.pl\/?post_type=product&#038;p=630"},"modified":"2024-12-06T14:23:24","modified_gmt":"2024-12-06T13:23:24","slug":"domy-i-inne-duchy-marta-bijan-ze-specjalna-dedykacja-i-podpisem-przedsprzedaz","status":"publish","type":"product","link":"https:\/\/eufobia.pl\/index.php\/produkt\/domy-i-inne-duchy-marta-bijan-ze-specjalna-dedykacja-i-podpisem-przedsprzedaz\/","title":{"rendered":"domy i inne duchy z podpisem &#8211; marta bijan"},"content":{"rendered":"","protected":false},"excerpt":{"rendered":"<p><strong>zbi\u00f3r opowiada\u0144 grozy z podpisem autorki <em>(wszelkie pro\u015bby o specjalne, imienne dedykacje prosz\u0119 wpisywa\u0107 w uwagach do zam\u00f3wienia)<\/em><\/strong><\/p>\n<p><span style=\"font-weight: 400;\">domy i inne duchy \u2013 marta bijan<\/span><\/p>\n<p><span style=\"font-weight: 400;\">Oprawa mi\u0119kka, ze skrzyde\u0142kami.<\/span><\/p>\n<p><span style=\"font-weight: 400;\">Ilo\u015b\u0107 stron: 130.<\/span><\/p>\n<p><span style=\"font-weight: 400;\">Warszawa 2021, wydanie pierwsze<\/span><\/p>\n<p><span style=\"font-weight: 400;\">ISBN 978-83-956052-1-5<\/span><\/p>\n<p>&nbsp;<\/p>\n<p>W miasteczku, w kt\u00f3rym mg\u0142y jest wi\u0119cej ni\u017c \u017cycia, ci\u0105gle znikaj\u0105 dzieci. Ekscentryczna pracownica kina dokonuje na porannej zmianie makabrycznego odkrycia. Dom stoj\u0105cy nad przepa\u015bci\u0105 wywo\u0142uje w ludziach ob\u0142\u0119d. Dr\u0119czony kryzysem tw\u00f3rczym autor horror\u00f3w osiedla si\u0119 na wsi i \u017ceni z kobiet\u0105, kt\u00f3ra szybko odkrywa przed nim swoj\u0105 mroczn\u0105 stron\u0119. Te i wiele innych niepokoj\u0105cych historii kryje si\u0119 na kartach tego przesi\u0105kni\u0119tego groz\u0105 zbioru.<\/p>\n<p>Domy i inne duchy to dziesi\u0119\u0107 opowie\u015bci otwieraj\u0105cych w g\u0142owie ma\u0142e drzwi, o kt\u00f3rych istnieniu woleliby\u015bmy nie mie\u0107 poj\u0119cia.<\/p>\n<p>&nbsp;<\/p>\n<p><em><strong>wysy\u0142ka w ci\u0105gu 2-5 dni roboczych. je\u017celi potrzebujesz szybszej realizacji zam\u00f3wienia, prosz\u0119 o kontakt na maila sklep@eufobia.pl<\/strong><\/em><\/p>\n","protected":false},"featured_media":1195,"template":"","meta":[],"product_brand":[],"product_cat":[17],"product_tag":[],"class_list":{"0":"post-630","1":"product","2":"type-product","3":"status-publish","4":"has-post-thumbnail","6":"product_cat-ksiazki","8":"first","9":"instock","10":"shipping-taxable","11":"purchasable","12":"product-type-simple"},"_links":{"self":[{"href":"https:\/\/eufobia.pl\/index.php\/wp-json\/wp\/v2\/product\/630","targetHints":{"allow":["GET"]}}],"collection":[{"href":"https:\/\/eufobia.pl\/index.php\/wp-json\/wp\/v2\/product"}],"about":[{"href":"https:\/\/eufobia.pl\/index.php\/wp-json\/wp\/v2\/types\/product"}],"wp:featuredmedia":[{"embeddable":true,"href":"https:\/\/eufobia.pl\/index.php\/wp-json\/wp\/v2\/media\/1195"}],"wp:attachment":[{"href":"https:\/\/eufobia.pl\/index.php\/wp-json\/wp\/v2\/media?parent=630"}],"wp:term":[{"taxonomy":"product_brand","embeddable":true,"href":"https:\/\/eufobia.pl\/index.php\/wp-json\/wp\/v2\/product_brand?post=630"},{"taxonomy":"product_cat","embeddable":true,"href":"https:\/\/eufobia.pl\/index.php\/wp-json\/wp\/v2\/product_cat?post=630"},{"taxonomy":"product_tag","embeddable":true,"href":"https:\/\/eufobia.pl\/index.php\/wp-json\/wp\/v2\/product_tag?post=630"}],"curies":[{"name":"wp","href":"https:\/\/api.w.org\/{rel}","templated":true}]}}