{"id":560,"date":"2020-11-04T14:49:55","date_gmt":"2020-11-04T13:49:55","guid":{"rendered":"https:\/\/eufobia.pl\/?post_type=product&#038;p=560"},"modified":"2026-03-16T19:47:52","modified_gmt":"2026-03-16T18:47:52","slug":"melodia-mgiel-dziennych-z-autografem-marta-bijan","status":"publish","type":"product","link":"https:\/\/eufobia.pl\/index.php\/produkt\/melodia-mgiel-dziennych-z-autografem-marta-bijan\/","title":{"rendered":"melodia mgie\u0142 dziennych z podpisem &#8211; marta bijan"},"content":{"rendered":"","protected":false},"excerpt":{"rendered":"<p><strong>nowa, pe\u0142nowarto\u015bciowa ksi\u0105\u017cka z autografem autorki (powie\u015b\u0107) &#8211;\u00a0<em>(wszelkie pro\u015bby o specjalne, imienne dedykacje prosz\u0119 wpisywa\u0107 w uwagach do zam\u00f3wienia)<\/em><\/strong><\/p>\n<p>&nbsp;<\/p>\n<p>Autor: <strong>Marta Bijan<\/strong><\/p>\n<p><span class=\"color-dark\">Wydawnictwo<\/span> <strong>Mova<\/strong><\/p>\n<p>Oprawa: <strong>Mi\u0119kka<\/strong><\/p>\n<p>Rok wydania: <strong>2023<\/strong><\/p>\n<p>Ilo\u015b\u0107 stron: <strong>176<\/strong><\/p>\n<p>Format: <strong>13.5 x 20.5 cm<\/strong><\/p>\n<p>&nbsp;<\/p>\n<p>\u015awiat muzyki, sztuki i uzale\u017cnie\u0144 na tle hipnotyzuj\u0105cej Warszawy pe\u0142nej d\u017awi\u0119k\u00f3w<br \/>\nEs ma trzydzie\u015bci dwa lata i jest menad\u017cerk\u0105 m\u0142odszej od siebie Melodii \u2013 najpopularniejszej wokalistki w kraju. Ich z pozoru niewinne spotkanie na parkingu wytw\u00f3rni muzycznej wywo\u0142uje lawin\u0119 zdarze\u0144 i zamienia si\u0119 w niepokoj\u0105c\u0105 relacj\u0119, kt\u00f3ra nieuchronnie zmierza do mrocznego fina\u0142u.<br \/>\nGorzka powie\u015b\u0107 wywo\u0142uj\u0105ca niemal namacalne uczucie dyskomfortu. To historia o marzeniach, kt\u00f3re okaza\u0142y si\u0119 by\u0107 pocz\u0105tkiem drogi do samego piek\u0142a.<\/p>\n<p><em><strong>wysy\u0142ka w ci\u0105gu 2-5 dni roboczych. je\u017celi potrzebujesz szybszej realizacji zam\u00f3wienia, prosz\u0119 o kontakt na maila sklep@eufobia.pl<\/strong><\/em><\/p>\n","protected":false},"featured_media":3102,"template":"","meta":[],"product_brand":[],"product_cat":[17],"product_tag":[],"class_list":{"0":"post-560","1":"product","2":"type-product","3":"status-publish","4":"has-post-thumbnail","6":"product_cat-ksiazki","8":"first","9":"instock","10":"shipping-taxable","11":"purchasable","12":"product-type-simple"},"_links":{"self":[{"href":"https:\/\/eufobia.pl\/index.php\/wp-json\/wp\/v2\/product\/560","targetHints":{"allow":["GET"]}}],"collection":[{"href":"https:\/\/eufobia.pl\/index.php\/wp-json\/wp\/v2\/product"}],"about":[{"href":"https:\/\/eufobia.pl\/index.php\/wp-json\/wp\/v2\/types\/product"}],"wp:featuredmedia":[{"embeddable":true,"href":"https:\/\/eufobia.pl\/index.php\/wp-json\/wp\/v2\/media\/3102"}],"wp:attachment":[{"href":"https:\/\/eufobia.pl\/index.php\/wp-json\/wp\/v2\/media?parent=560"}],"wp:term":[{"taxonomy":"product_brand","embeddable":true,"href":"https:\/\/eufobia.pl\/index.php\/wp-json\/wp\/v2\/product_brand?post=560"},{"taxonomy":"product_cat","embeddable":true,"href":"https:\/\/eufobia.pl\/index.php\/wp-json\/wp\/v2\/product_cat?post=560"},{"taxonomy":"product_tag","embeddable":true,"href":"https:\/\/eufobia.pl\/index.php\/wp-json\/wp\/v2\/product_tag?post=560"}],"curies":[{"name":"wp","href":"https:\/\/api.w.org\/{rel}","templated":true}]}}