{"id":3170,"date":"2026-03-12T14:34:22","date_gmt":"2026-03-12T13:34:22","guid":{"rendered":"https:\/\/eufobia.pl\/?post_type=product&#038;p=3170"},"modified":"2026-03-13T00:00:02","modified_gmt":"2026-03-12T23:00:02","slug":"niepokoje-marta-bijan-ebook","status":"publish","type":"product","link":"https:\/\/eufobia.pl\/index.php\/produkt\/niepokoje-marta-bijan-ebook\/","title":{"rendered":"niepokoje &#8211; marta bijan (ebook)"},"content":{"rendered":"<div class=\"woocommerce-product-details__short-description\">\n<p><strong>zbi\u00f3r opowiada\u0144 grozy (ebook) w formacie epub<\/strong><\/p>\n<p>niepokoje \u2013 marta bijan<\/p>\n<p>Ilo\u015b\u0107 stron: 50<\/p>\n<p>Warszawa 2026, wydanie pierwsze<\/p>\n<p>ISBN 978-83-962176-<span class=\"bold\">3<\/span>-9<\/p>\n<p>&nbsp;<\/p>\n<p><span style=\"font-weight: 400;\">W Lasach ludzie umieraj\u0105 ze \u015bmiechu. Na ulicach \u015awiec le\u017c\u0105 cia\u0142a tych, kt\u00f3rzy zata\u0144czyli si\u0119 na \u015bmier\u0107. Dot\u0105d pe\u0142n\u0105 \u017cycia wie\u015b Rzeki ogarnia cisza, bo mieszka\u0144cy jeden po drugim zapadaj\u0105 w sen, z kt\u00f3rego nikt si\u0119 nie budzi.<\/span><\/p>\n<p><span style=\"font-weight: 400;\">Trzy kobiety. Trzy miejsca na mapie, kt\u00f3re niespodziewanie powracaj\u0105 z przesz\u0142o\u015bci. Trzy epidemie, nieprzypominaj\u0105ce niczego, z czym ludzko\u015b\u0107 zetkn\u0119\u0142a si\u0119 w XXI wieku.\u00a0<\/span><\/p>\n<p><i><span style=\"font-weight: 400;\">Niepokoje <\/span><\/i><span style=\"font-weight: 400;\">to zbi\u00f3r powi\u0105zanych ze sob\u0105 kr\u00f3tkich opowie\u015bci o \u015bmierci, szale\u0144stwie i l\u0119ku, kt\u00f3ry powstaje tam, gdzie ko\u0144czy si\u0119 racjonalne wyja\u015bnienie.\u00a0<\/span><\/p>\n<p><span style=\"font-weight: 400;\">Bo czasem prawdziwa zaraza nie rozprzestrzenia si\u0119 w ciele. Jej \u017ar\u00f3d\u0142o le\u017cy znacznie g\u0142\u0119biej.<\/span><\/p>\n<p>&nbsp;<\/p>\n<p><strong><i>wysy\u0142ka ebooka na maila maksymalnie w ci\u0105gu 24 h<\/i><\/strong><\/p>\n<p><em><strong>wystawiam paragony fiskalne, wi\u0119c je\u015bli potrzebujesz skanu paragonu, prosz\u0119 o kontakt na sklep@eufobia.pl<\/strong><\/em><\/p>\n<\/div>\n","protected":false},"excerpt":{"rendered":"<p>zbi\u00f3r opowiada\u0144 grozy (ebook) w formacie epub niepokoje \u2013 marta bijan Ilo\u015b\u0107 stron: 50 Warszawa 2026, wydanie pierwsze ISBN 978-83-962176-3-9 &nbsp; W Lasach ludzie umieraj\u0105 ze \u015bmiechu. Na ulicach \u015awiec le\u017c\u0105 cia\u0142a tych, kt\u00f3rzy zata\u0144czyli si\u0119 na \u015bmier\u0107. Dot\u0105d pe\u0142n\u0105 \u017cycia wie\u015b Rzeki ogarnia cisza, bo mieszka\u0144cy jeden po drugim zapadaj\u0105 w sen, z kt\u00f3rego [&hellip;]<\/p>\n","protected":false},"featured_media":3174,"template":"","meta":[],"product_brand":[],"product_cat":[15],"product_tag":[],"class_list":{"0":"post-3170","1":"product","2":"type-product","3":"status-publish","4":"has-post-thumbnail","6":"product_cat-bez-kategorii","8":"first","9":"instock","10":"downloadable","11":"virtual","12":"purchasable","13":"product-type-simple"},"_links":{"self":[{"href":"https:\/\/eufobia.pl\/index.php\/wp-json\/wp\/v2\/product\/3170","targetHints":{"allow":["GET"]}}],"collection":[{"href":"https:\/\/eufobia.pl\/index.php\/wp-json\/wp\/v2\/product"}],"about":[{"href":"https:\/\/eufobia.pl\/index.php\/wp-json\/wp\/v2\/types\/product"}],"wp:featuredmedia":[{"embeddable":true,"href":"https:\/\/eufobia.pl\/index.php\/wp-json\/wp\/v2\/media\/3174"}],"wp:attachment":[{"href":"https:\/\/eufobia.pl\/index.php\/wp-json\/wp\/v2\/media?parent=3170"}],"wp:term":[{"taxonomy":"product_brand","embeddable":true,"href":"https:\/\/eufobia.pl\/index.php\/wp-json\/wp\/v2\/product_brand?post=3170"},{"taxonomy":"product_cat","embeddable":true,"href":"https:\/\/eufobia.pl\/index.php\/wp-json\/wp\/v2\/product_cat?post=3170"},{"taxonomy":"product_tag","embeddable":true,"href":"https:\/\/eufobia.pl\/index.php\/wp-json\/wp\/v2\/product_tag?post=3170"}],"curies":[{"name":"wp","href":"https:\/\/api.w.org\/{rel}","templated":true}]}}