{"id":2104,"date":"2023-12-05T17:41:39","date_gmt":"2023-12-05T16:41:39","guid":{"rendered":"https:\/\/eufobia.pl\/?post_type=product&#038;p=2104"},"modified":"2024-01-24T11:40:51","modified_gmt":"2024-01-24T10:40:51","slug":"topnienie-z-podpisem-marta-bijan","status":"publish","type":"product","link":"https:\/\/eufobia.pl\/index.php\/produkt\/topnienie-z-podpisem-marta-bijan\/","title":{"rendered":"topnienie z podpisem &#8211; marta bijan"},"content":{"rendered":"","protected":false},"excerpt":{"rendered":"<h5><strong><i>(wszelkie pro\u015bby o specjalne, imienne dedykacje prosz\u0119 wpisywa\u0107 w uwagach do zam\u00f3wienia):<\/i><\/strong><\/h5>\n<p>&nbsp;<\/p>\n<p><strong>tomik poezji z podpisem <\/strong><\/p>\n<p>topnienie \u2013 marta bijan<\/p>\n<p>Oprawa mi\u0119kka, ze skrzyde\u0142kami.<\/p>\n<p>Ilo\u015b\u0107 stron: 88.<\/p>\n<p>Warszawa 2023, wydanie pierwsze<br \/>\nISBN 978-83-962176-2-2<\/p>\n","protected":false},"featured_media":2105,"template":"","meta":[],"product_brand":[],"product_cat":[15],"product_tag":[],"class_list":{"0":"post-2104","1":"product","2":"type-product","3":"status-publish","4":"has-post-thumbnail","6":"product_cat-bez-kategorii","8":"first","9":"instock","10":"shipping-taxable","11":"purchasable","12":"product-type-simple"},"_links":{"self":[{"href":"https:\/\/eufobia.pl\/index.php\/wp-json\/wp\/v2\/product\/2104","targetHints":{"allow":["GET"]}}],"collection":[{"href":"https:\/\/eufobia.pl\/index.php\/wp-json\/wp\/v2\/product"}],"about":[{"href":"https:\/\/eufobia.pl\/index.php\/wp-json\/wp\/v2\/types\/product"}],"wp:featuredmedia":[{"embeddable":true,"href":"https:\/\/eufobia.pl\/index.php\/wp-json\/wp\/v2\/media\/2105"}],"wp:attachment":[{"href":"https:\/\/eufobia.pl\/index.php\/wp-json\/wp\/v2\/media?parent=2104"}],"wp:term":[{"taxonomy":"product_brand","embeddable":true,"href":"https:\/\/eufobia.pl\/index.php\/wp-json\/wp\/v2\/product_brand?post=2104"},{"taxonomy":"product_cat","embeddable":true,"href":"https:\/\/eufobia.pl\/index.php\/wp-json\/wp\/v2\/product_cat?post=2104"},{"taxonomy":"product_tag","embeddable":true,"href":"https:\/\/eufobia.pl\/index.php\/wp-json\/wp\/v2\/product_tag?post=2104"}],"curies":[{"name":"wp","href":"https:\/\/api.w.org\/{rel}","templated":true}]}}